{"id":42022,"date":"2024-01-31T09:11:21","date_gmt":"2024-01-31T09:11:21","guid":{"rendered":"https:\/\/locreamosdigital.cl\/?page_id=42022"},"modified":"2024-10-17T05:07:27","modified_gmt":"2024-10-17T08:07:27","slug":"formulario-de-solicitud-para-paginas-web","status":"publish","type":"page","link":"https:\/\/locreamosdigital.cl\/index.php\/formulario-de-solicitud-para-paginas-web\/","title":{"rendered":"Formulario de Solicitud Para Paginas Web"},"content":{"rendered":"\t\t<div data-elementor-type=\"wp-page\" data-elementor-id=\"42022\" class=\"elementor elementor-42022\" data-elementor-post-type=\"page\">\n\t\t\t\t\t\t\t\t\t<section class=\"elementor-section elementor-top-section elementor-element elementor-element-833449d elementor-section-boxed elementor-section-height-default elementor-section-height-default\" data-id=\"833449d\" data-element_type=\"section\">\n\t\t\t\t\t\t<div class=\"elementor-container elementor-column-gap-default\">\n\t\t\t\t\t<div class=\"elementor-column elementor-col-100 elementor-top-column elementor-element elementor-element-41e47b9\" data-id=\"41e47b9\" data-element_type=\"column\">\n\t\t\t<div class=\"elementor-widget-wrap elementor-element-populated\">\n\t\t\t\t\t\t\t\t<div class=\"elementor-element elementor-element-2c27e8a elementor-widget elementor-widget-heading\" data-id=\"2c27e8a\" data-element_type=\"widget\" data-widget_type=\"heading.default\">\n\t\t\t\t<div class=\"elementor-widget-container\">\n\t\t\t<style>\/*! elementor - v3.14.0 - 26-06-2023 *\/\n.elementor-heading-title{padding:0;margin:0;line-height:1}.elementor-widget-heading .elementor-heading-title[class*=elementor-size-]>a{color:inherit;font-size:inherit;line-height:inherit}.elementor-widget-heading .elementor-heading-title.elementor-size-small{font-size:15px}.elementor-widget-heading .elementor-heading-title.elementor-size-medium{font-size:19px}.elementor-widget-heading .elementor-heading-title.elementor-size-large{font-size:29px}.elementor-widget-heading .elementor-heading-title.elementor-size-xl{font-size:39px}.elementor-widget-heading .elementor-heading-title.elementor-size-xxl{font-size:59px}<\/style><h2 class=\"elementor-heading-title elementor-size-default\">Informaci\u00f3n Requerida para el Desarrollo de su P\u00e1gina Web<\/h2>\t\t<\/div>\n\t\t\t\t<\/div>\n\t\t\t\t\t<\/div>\n\t\t<\/div>\n\t\t\t\t\t\t\t<\/div>\n\t\t<\/section>\n\t\t\t\t<section class=\"elementor-section elementor-top-section elementor-element elementor-element-21f707f elementor-section-boxed elementor-section-height-default elementor-section-height-default\" data-id=\"21f707f\" data-element_type=\"section\">\n\t\t\t\t\t\t<div class=\"elementor-container elementor-column-gap-default\">\n\t\t\t\t\t<div class=\"elementor-column elementor-col-100 elementor-top-column elementor-element elementor-element-7ee1c55\" data-id=\"7ee1c55\" data-element_type=\"column\">\n\t\t\t<div class=\"elementor-widget-wrap elementor-element-populated\">\n\t\t\t\t\t\t\t\t<div class=\"elementor-element elementor-element-b40149c elementor-widget elementor-widget-text-editor\" data-id=\"b40149c\" data-element_type=\"widget\" data-widget_type=\"text-editor.default\">\n\t\t\t\t<div class=\"elementor-widget-container\">\n\t\t\t<style>\/*! elementor - v3.14.0 - 26-06-2023 *\/\n.elementor-widget-text-editor.elementor-drop-cap-view-stacked .elementor-drop-cap{background-color:#69727d;color:#fff}.elementor-widget-text-editor.elementor-drop-cap-view-framed .elementor-drop-cap{color:#69727d;border:3px solid;background-color:transparent}.elementor-widget-text-editor:not(.elementor-drop-cap-view-default) .elementor-drop-cap{margin-top:8px}.elementor-widget-text-editor:not(.elementor-drop-cap-view-default) .elementor-drop-cap-letter{width:1em;height:1em}.elementor-widget-text-editor .elementor-drop-cap{float:left;text-align:center;line-height:1;font-size:50px}.elementor-widget-text-editor .elementor-drop-cap-letter{display:inline-block}<\/style>\t\t\t\t<p style=\"text-align: center;\">Para garantizar la mejor calidad en la creaci\u00f3n de su p\u00e1gina web, es esencial que nos proporcione la informaci\u00f3n completa y las im\u00e1genes relacionadas con su negocio o servicios. Si bien ofrecemos asistencia para mejorar el contenido mediante inteligencia artificial, no podemos generar la informaci\u00f3n sin un conocimiento adecuado de sus productos o servicios.<\/p><p style=\"text-align: center;\"><br \/>Es importante tener en cuenta que la b\u00fasqueda de im\u00e1genes o creaci\u00f3n de contenido no est\u00e1 incluida en el paquete contratado y puede conllevar costos adicionales. Adem\u00e1s, cualquier cambio posterior en nombres, colores u otros detalles tambi\u00e9n puede generar cargos extra. Le pedimos que complete cuidadosamente el formulario con todos los datos solicitados para evitar retrasos o ajustes adicionales en el proceso de desarrollo.<\/p><p>Agradecemos su colaboraci\u00f3n para asegurar un resultado \u00f3ptimo.<\/p>\t\t\t\t\t\t<\/div>\n\t\t\t\t<\/div>\n\t\t\t\t\t<\/div>\n\t\t<\/div>\n\t\t\t\t\t\t\t<\/div>\n\t\t<\/section>\n\t\t\t\t<section class=\"elementor-section elementor-top-section elementor-element elementor-element-974bfdc elementor-section-boxed elementor-section-height-default elementor-section-height-default\" data-id=\"974bfdc\" data-element_type=\"section\">\n\t\t\t\t\t\t<div class=\"elementor-container elementor-column-gap-default\">\n\t\t\t\t\t<div class=\"elementor-column elementor-col-100 elementor-top-column elementor-element elementor-element-a3bebf9\" data-id=\"a3bebf9\" data-element_type=\"column\">\n\t\t\t<div class=\"elementor-widget-wrap elementor-element-populated\">\n\t\t\t\t\t\t\t\t<div class=\"elementor-element elementor-element-2182095 elementor-widget elementor-widget-html\" data-id=\"2182095\" data-element_type=\"widget\" data-settings=\"{&quot;_animation&quot;:&quot;none&quot;}\" data-widget_type=\"html.default\">\n\t\t\t\t<div class=\"elementor-widget-container\">\n\t\t\t<head>\r\n    <!-- Estilos en el head -->\r\n    <style>\r\n        \/* Aqu\u00ed puedes definir tus estilos CSS *\/\r\n   .texto_formulario{\r\n    display: block;\r\n    width: 80%;\r\n    height: auto;\r\n    margin: 0% 10% 0% 10%;\r\n    text-align: center;\r\n\tbackground: rgba(255, 255, 255, 0.7);\r\n}\r\np {\r\n    font-family: 'Bahnschrift', sans-serif;\r\n    font-size: 16px;\r\n    color: black;\r\n    line-height: 1.5;\r\n    margin-bottom: 10px;\r\n    text-align: center;\r\n}\r\nbody {\r\n   padding: 0px;\r\n}\r\n\r\nhr {\r\n            color: #ff0000;\r\n            border-width: 1px;\r\n            border-style: solid;\r\n        }\r\n        \r\n        \r\n ::placeholder {\r\n            color: #E6E6E6;\r\n            margin: 5px 0;\r\n        }\r\n        \r\n    <\/style>\r\n<\/head>\r\n\r\n<body>\r\n\r\n\r\n<!-- Formulario CSS Contactanos-->\r\n<hr>\r\n<div class=\"final6\">\r\n  <div id=\"pedidos1\">\r\n  <p class=\"texto_formulario\"> <span style=\"font-size: 16px;\"> <br> Llene el formulario para conocer mejor sus requerimientos.<\/span><\/p><hr>\r\n        <form name='formulario' id='formulario' method='post' action='https:\/\/locreamosdigital.cl\/formularioweb1.php' target='_self' enctype=\"multipart\/form-data\" onSubmit=\"MM_validateForm('nombre','','R');return document.MM_returnValue\" >\r\n<br>\r\n        \r\n        <p class=\"texto_formulario\"><i class=\"fas fa-user\"><\/i> <span style=\"font-size: 16px;\">Nombre de la persona de contacto:<\/span><\/p>\r\n            <p class=\"cuadro1f\"><input  name=\"nombre\" type=\"text\" id=\"pago\" value=\"\" size=\"40%\" placeholder=\"Nombre\" required><\/p>\r\n<br>\r\n        <p class=\"texto_formulario\"><i class=\"fas fa-map-marker-alt\"><\/i> <span style=\"font-size: 16px;\">Direcci\u00f3n del Establecimiento:<\/span><\/p>\r\n        <p class=\"cuadro1f\"><input  name=\"direccion\" type=\"text\" id=\"pago\" value=\"\" size=\"40%\" placeholder=\"Direccion\" required><\/p>\r\n        \r\n        <p class=\"texto_formulario\"><i class=\"fab fa-whatsapp\"><\/i> <span style=\"font-size: 16px;\"> Whatsapp: <\/span> <\/p>\r\n            <p class=\"cuadro1f\"><input  name=\"telefonos\" type=\"text\" id=\"pago\" value=\"\" size=\"40%\" placeholder=\"Whatsapp\" required><\/p> \r\n        \r\n        <p class=\"texto_formulario\"><i class=\"fas fa-envelope\"><\/i> <span style=\"font-size: 16px;\"> Email: <\/span><\/p>\r\n            <p class=\"cuadro1f\"><input  name=\"email\" type=\"text\" id=\"pago\" value=\"\" size=\"40%\" placeholder=\"Email\" required><\/p> \r\n        <br>\r\n        <p class=\"texto_formulario\"><i class=\"far fa-clock\"><\/i><span style=\"font-size: 16px;\"> Horario de Apertura: <\/span><\/p>\r\n            <p class=\"cuadro1f\"><input  name=\"horario_apertura\" type=\"time\" id=\"pago\" value=\"\" size=\"40%\" placeholder=\"horario_apertura\"><\/p> \r\n        \r\n        <p class=\"texto_formulario\"><i class=\"far fa-clock\"><\/i><span style=\"font-size: 16px;\"> Horario de Cierre: <\/span><\/p>\r\n            <p class=\"cuadro1f\"><input  name=\"horario_cierre\" type=\"time\" id=\"pago\" value=\"\" size=\"40%\" placeholder=\"horario_cierre\"><\/p> \r\n        <br>\r\n        <p class=\"texto_formulario\"><i class=\"far fa-clock\"><\/i><span style=\"font-size: 16px;\"> D\u00edas Laborales: <\/span><\/p>\r\n            <p class=\"cuadro1f\"><input  name=\"dias_laborales\" type=\"text\" id=\"pago\" value=\"\" size=\"40%\" placeholder=\"d\u00edas de trabajo\" required><\/p>\r\n            <br>\r\n        <hr>\r\n        <p> <i class=\"far fa-clock\"><\/i> <span style=\"font-size: 16px;\"> \u00bfAlg\u00fan otro dato importante que le gustar\u00eda mencionar sobre el HORARIO DE TRABAJO? <\/span><\/p> \r\n        <h5><textarea name=\"mensajeHorario\" cols=\"90%\" rows=\"5\" id=\"mensaje\"placeholder=\"mensaje sobre el horario\"><\/textarea><\/h5>\r\n        <hr><hr>\r\n        \r\n<div style=\"background:#E6E6E6 ;\"> <p><span style=\"color: red; font-size: 16px;\">Dise\u00f1o: <\/p>\r\n       <p> <i class=\"fas fa-tag\"><\/i><span style=\"font-size: 16px;\"> Tengo mi propio Logo<\/span>\r\n        <input type=\"radio\" name=\"diseno\" id=\"radio\" value=\"tengo_logo\" required> \r\n        <br>\r\n\r\n        <i class=\"fas fa-tag\"><\/i><span style=\" font-size: 16px;\"> No Tengo Logo <span style=\"color: red;\">(La creaci\u00f3n de un LOGO Tiene un Costo Adicional)<\/span>\r\n        <input type=\"radio\" name=\"diseno\" id=\"radio\" value=\"NO_tengo_logo\">\r\n        <\/p>    \r\n        <hr>   \r\n        <\/div>\r\n        <hr>\r\n<br>\r\n        <p><span style=\"font-size: 16px;\">Tiene su propio dominio:\r\n        (Ejemplo: https:\/\/ <mark>locreamosdigital.com<\/mark>\/): <\/span><br>\r\n        Si\r\n        <input type=\"radio\" name=\"dominio\" id=\"radio\" value=\"si_dominio\" required> \r\n        <span style=\"color: white;\">-    -    -<\/span>\r\n        No\r\n        <input type=\"radio\" name=\"dominio\" id=\"radio\" value=\"no_dominio\">\r\n        <span style=\"color: white;\">-    -    -<\/span>\r\n        <\/p> \r\n        <hr>\r\n        <p class=\"texto_formulario\"><i class=\"fa-solid fa-circle-user\"><\/i><span style=\"font-size: 16px;\">Copiar el Nombre del Dominio - En caso de NO tener,<br> \u00bfqu\u00e9 nombre le gustar\u00eda? <br><span style=\"color: red;\"> (SI SE EQUIVOCA EN EL NOMBRE, SE DEBE COMPRAR OTRO DOMINIO Y TENDR\u00c1 COSTO ADICIONAL):<\/span><\/p>\r\n            <p class=\"cuadro1f\"><input  name=\"nombre_dominio\" type=\"text\" id=\"pago\" value=\"\" size=\"40%\" placeholder=\"Dominio\" ><\/p> \r\n            \r\n            <p><span style=\"color: red; font-size: 16px;\">\u00bfque termine en .cl o .com?\r\n         <\/span><br>\r\n        .cl\r\n        <input type=\"radio\" name=\"tipo_dominio\" id=\"radio\" value=\".cl\" > \r\n        <span style=\"color: white;\">-    -    -<\/span>\r\n        .com\r\n        <input type=\"radio\" name=\"tipo_dominio\" id=\"radio\" value=\".com\">\r\n        <span style=\"color: white;\">-    -    -<\/span>\r\n        <\/p> \r\n        <hr> <hr> \r\n        <br>\r\n        <p class=\"texto_formulario\"><i class=\"fas fa-paint-brush\"><\/i> <span style=\"font-size: 16px;\">\u00bfQu\u00e9 colores le gustar\u00eda presentar en su p\u00e1gina?<\/span><\/p>\r\n            <p><input  name=\"colores\" type=\"text\"  value=\"\" size=\"40%\" placeholder=\"Colores\" required><\/p>  \r\n        \r\n        <hr><br>\r\n        <p> <i class=\"fas fa-store\"><\/i> <span style=\"font-size: 16px;\"> \u00bfPuede proporcionar detalles sobre los servicios de su negocio y que esta buscando con la Pagina Web? <\/span> <\/p> \r\n        <h5><textarea name=\"mensajea_de_los_servicios\" cols=\"90%\" rows=\"10\" id=\"mensaje\"placeholder=\"mensaje\" required><\/textarea><\/h5>\r\n        \r\n        <p><span style=\"color: red; font-size: 16px;\">\u00bfTiene alguna p\u00e1gina web de referencia que le guste?\r\n         <\/span><br>\r\n        Si\r\n        <input type=\"radio\" name=\"referencia\" id=\"radio\" value=\"si\" required> \r\n        <span style=\"color: white;\">-    -    -<\/span>\r\n        No\r\n        <input type=\"radio\" name=\"referencia\" id=\"radio\" value=\"no\">\r\n        <span style=\"color: white;\">-    -    -<\/span>\r\n        <\/p> \r\n        <hr>\r\n        <p class=\"texto_formulario\"><i class=\"fas fa-globe\"><\/i> <span style=\"font-size: 16px;\"> En caso de tener una p\u00e1gina de referencia, \u00bfcu\u00e1l ser\u00eda?<\/span><\/p>\r\n            <p class=\"cuadro1f\"><input  name=\"referencia_web\" type=\"text\" id=\"pago\" value=\"\" size=\"40%\" placeholder=\"Referencia Web\"><\/p>  \r\n        <hr> <br>\r\n        <p><span style=\"color: red; font-size: 16px;\">\u00bfTiene Redes Sociales, como Facebook e Instagram?\r\n         <\/span><br>\r\n        Si\r\n        <input type=\"radio\" name=\"RedesS\" id=\"radio\" value=\"si_RedesS\" required> \r\n        <span style=\"color: white;\">-    -    -<\/span>\r\n        No\r\n        <input type=\"radio\" name=\"RedesS\" id=\"radio\" value=\"no_RedesS\">\r\n        <span style=\"color: white;\">-    -    -<\/span>\r\n        <\/p> \r\n        <hr>\r\n        <p> <i class=\"fab fa-instagram\"><\/i> <span style=\"font-size: 16px;\"> \u00bfEn caso de tener facilitar los nombres para buscarlas? <\/span><\/p> \r\n        <h5><textarea name=\"mensaje_RedesSociales\" cols=\"90%\" rows=\"3\" id=\"mensaje\"placeholder=\"@Redes Sociales\"><\/textarea><\/h5>\r\n        <hr><br>\r\n        <p> <i class=\"fab fa-youtube\"><\/i> <span style=\"font-size: 16px;\"> \u00bfEn caso de tener Canal YOUTUBE facilitar el nombres? <\/span><\/p> \r\n        <h5><textarea name=\"mensaje_Youtube\" cols=\"90%\" rows=\"1\" id=\"mensaje\"placeholder=\"Nombre del Canal en YOUTUBE\"><\/textarea><\/h5>\r\n        <hr><br>\r\n        <p> <i class=\"fas fa-envelope\"><\/i> <span style=\"font-size: 16px;\"> Todos los Datos de Contacto que desea Agregar en la Pagina Web <\/span><\/p> \r\n        <h5><textarea name=\"mensaje_DatosContacto\" cols=\"90%\" rows=\"5\" id=\"mensaje\"placeholder=\"Contactame al:\" required><\/textarea><\/h5>\r\n        <hr>  <br>\r\n        <p> <i class=\"fas fa-exclamation-circle\"><\/i> <span style=\"font-size: 16px;\"> \"Si desea informar alg\u00fan dato importante\" <\/span><\/p> \r\n        <h5><textarea name=\"mensaje_DatosImportante\" cols=\"90%\" rows=\"10\" id=\"mensaje\"placeholder=\"Mensaje Importante\"><\/textarea><\/h5>\r\n        <br>     \r\n       \r\n        \r\n        <p><span style=\"color: red;\"> <i class=\"far fa-clock\"><\/i> FAVOR ESPERAR AL DAR CLIC ENVIAR \/ VER LA SIGUIENTE PAGINA<\/span><\/p>\r\n        <br>\r\n        \r\n        <!--  -->\r\n        <p> <input class=\"boton_Enviar_Formulario\" id=\"btnAvance\" name=\"f6\" type='submit' id=\"f6\" value='Enviar  Formulario'><\/p>\r\n        <\/form>\r\n       \r\n <\/div>\r\n \r\n<\/div>\r\n<br>\r\n<!-- horario (css estilo) -->\r\n<?php include(\"PaginasdeUso\/horario.php\")  ?>\r\n\r\n<!-- FINAL DE CUADROS -->\r\n\r\n<!-- espacio de informacion -->\r\n<?php include(\"PaginasdeUso\/final.php\")  ?>\r\n\r\n\r\n<\/body>\r\n<\/html>\t\t<\/div>\n\t\t\t\t<\/div>\n\t\t\t\t\t<\/div>\n\t\t<\/div>\n\t\t\t\t\t\t\t<\/div>\n\t\t<\/section>\n\t\t\t\t\t\t\t<\/div>\n\t\t","protected":false},"excerpt":{"rendered":"<p>Informaci\u00f3n Requerida para el Desarrollo de su P\u00e1gina Web Para garantizar la mejor calidad en la creaci\u00f3n de su p\u00e1gina web, es esencial que nos proporcione la informaci\u00f3n completa y las im\u00e1genes relacionadas con su negocio o servicios. Si bien ofrecemos asistencia para mejorar el contenido mediante inteligencia artificial, no podemos generar la informaci\u00f3n sin [&hellip;]<\/p>\n","protected":false},"author":1,"featured_media":0,"parent":0,"menu_order":0,"comment_status":"closed","ping_status":"closed","template":"","meta":{"footnotes":""},"aioseo_notices":[],"jetpack_sharing_enabled":true,"_links":{"self":[{"href":"https:\/\/locreamosdigital.cl\/index.php\/wp-json\/wp\/v2\/pages\/42022"}],"collection":[{"href":"https:\/\/locreamosdigital.cl\/index.php\/wp-json\/wp\/v2\/pages"}],"about":[{"href":"https:\/\/locreamosdigital.cl\/index.php\/wp-json\/wp\/v2\/types\/page"}],"author":[{"embeddable":true,"href":"https:\/\/locreamosdigital.cl\/index.php\/wp-json\/wp\/v2\/users\/1"}],"replies":[{"embeddable":true,"href":"https:\/\/locreamosdigital.cl\/index.php\/wp-json\/wp\/v2\/comments?post=42022"}],"version-history":[{"count":46,"href":"https:\/\/locreamosdigital.cl\/index.php\/wp-json\/wp\/v2\/pages\/42022\/revisions"}],"predecessor-version":[{"id":46953,"href":"https:\/\/locreamosdigital.cl\/index.php\/wp-json\/wp\/v2\/pages\/42022\/revisions\/46953"}],"wp:attachment":[{"href":"https:\/\/locreamosdigital.cl\/index.php\/wp-json\/wp\/v2\/media?parent=42022"}],"curies":[{"name":"wp","href":"https:\/\/api.w.org\/{rel}","templated":true}]}}