{"id":40692,"date":"2023-09-11T20:48:54","date_gmt":"2023-09-11T20:48:54","guid":{"rendered":"https:\/\/locreamosdigital.cl\/?post_type=product&#038;p=40692"},"modified":"2025-05-28T01:38:24","modified_gmt":"2025-05-28T05:38:24","slug":"imagen-corporativa","status":"publish","type":"product","link":"https:\/\/locreamosdigital.cl\/index.php\/product\/imagen-corporativa\/","title":{"rendered":"Creaci\u00f3n Profesional de Imagen Corporativa"},"content":{"rendered":"<p>\u2705 Creaci\u00f3n de Logo Full:<br \/>\n<i class=\"fas fa-check\"><\/i> Elementos Gr\u00e1ficos Complejo.<br \/>\n<i class=\"fas fa-check\"><\/i> Vectorizado e Imagen.<br \/>\n<i class=\"fas fa-check\"><\/i> Asistencia Completa.<br \/>\n<i class=\"fas fa-check\"><\/i> Entrega de Manual Corporativo.<br \/>\n\u2705 Creaci\u00f3n de Dise\u00f1o de Tarjeta de Visita.<br \/>\n\u2705 Creaci\u00f3n de 1 Flyers Publicitario para impresi\u00f3n y digital.<br \/>\n\u2705 Creaci\u00f3n de Dise\u00f1o de 1 Pend\u00f3n Publicitario, tama\u00f1o solicitado por el cliente.<br \/>\n\u2705 SE HACEN TODAS LAS CORRECCIONES NECESARIOS.<\/p>\n<p>Formatos de entrega: JPG &#8211; PNG &#8211; PDF<br \/>\n<strong>Entrega de Manual Corporativo.<\/strong><\/p>\n","protected":false},"excerpt":{"rendered":"<h2 style=\"text-align: center;\"><i>VER MUESTRA DE NUESTROS DISE\u00d1OS<\/i><\/h2>\n<p style=\"text-align: center;\"><strong><a style=\"background-color: #3ba9cd; border: none; color: white; padding: 10px 20px; text-align: center; text-decoration: none; display: inline-block; font-size: 16px; border-radius: 20px;\" href=\"https:\/\/locreamosdigital.cl\/index.php\/imagen-corporativa-creadas\/\" target=\"_blank\" rel=\"noopener\">DISE\u00d1OS CREADOS POR NOSOTROS<\/a><\/strong><\/p>\n","protected":false},"featured_media":40739,"comment_status":"open","ping_status":"closed","template":"","meta":[],"product_cat":[141,142,135,144,145,146,143,164],"product_tag":[181,178,147,149,148,179,177,180],"aioseo_notices":[],"jetpack_sharing_enabled":true,"tiered_pricing_type":"fixed","tiered_pricing_fixed_rules":[],"tiered_pricing_product_settings":{"layout":"default","base_unit_name":{"singular":null,"plural":null},"default_variation":null},"tiered_pricing_minimum_quantity":null,"tiered_pricing_roles_data":[],"tiered_pricing_percentage_rules":[],"_links":{"self":[{"href":"https:\/\/locreamosdigital.cl\/index.php\/wp-json\/wp\/v2\/product\/40692"}],"collection":[{"href":"https:\/\/locreamosdigital.cl\/index.php\/wp-json\/wp\/v2\/product"}],"about":[{"href":"https:\/\/locreamosdigital.cl\/index.php\/wp-json\/wp\/v2\/types\/product"}],"replies":[{"embeddable":true,"href":"https:\/\/locreamosdigital.cl\/index.php\/wp-json\/wp\/v2\/comments?post=40692"}],"wp:featuredmedia":[{"embeddable":true,"href":"https:\/\/locreamosdigital.cl\/index.php\/wp-json\/wp\/v2\/media\/40739"}],"wp:attachment":[{"href":"https:\/\/locreamosdigital.cl\/index.php\/wp-json\/wp\/v2\/media?parent=40692"}],"wp:term":[{"taxonomy":"product_cat","embeddable":true,"href":"https:\/\/locreamosdigital.cl\/index.php\/wp-json\/wp\/v2\/product_cat?post=40692"},{"taxonomy":"product_tag","embeddable":true,"href":"https:\/\/locreamosdigital.cl\/index.php\/wp-json\/wp\/v2\/product_tag?post=40692"}],"curies":[{"name":"wp","href":"https:\/\/api.w.org\/{rel}","templated":true}]}}